{"id":533,"date":"2020-03-16T18:15:51","date_gmt":"2020-03-16T18:15:51","guid":{"rendered":"http:\/\/www.bio2arh.org\/?page_id=533"},"modified":"2020-11-29T15:24:36","modified_gmt":"2020-11-29T15:24:36","slug":"elementor-533","status":"publish","type":"page","link":"https:\/\/www.bio2arh.org\/en\/elementor-533\/","title":{"rendered":"Blog"},"content":{"rendered":"<div id=\"dslc-theme-content\"><div id=\"dslc-theme-content-inner\">\t\t<div data-elementor-type=\"wp-post\" data-elementor-id=\"533\" class=\"elementor elementor-533\" data-elementor-settings=\"[]\">\n\t\t\t\t\t\t<div class=\"elementor-inner\">\n\t\t\t\t\t\t\t<div class=\"elementor-section-wrap\">\n\t\t\t\t\t\t\t<section class=\"elementor-section elementor-top-section elementor-element elementor-element-2eadbaf elementor-section-content-middle elementor-section-stretched elementor-section-boxed elementor-section-height-default elementor-section-height-default\" data-id=\"2eadbaf\" data-element_type=\"section\" data-settings=\"{&quot;stretch_section&quot;:&quot;section-stretched&quot;}\">\n\t\t\t\t\t\t<div class=\"elementor-container elementor-column-gap-no\">\n\t\t\t\t\t\t\t<div class=\"elementor-row\">\n\t\t\t\t\t<div class=\"elementor-column elementor-col-50 elementor-top-column elementor-element elementor-element-5c58ef9c\" data-id=\"5c58ef9c\" data-element_type=\"column\">\n\t\t\t<div class=\"elementor-column-wrap elementor-element-populated\">\n\t\t\t\t\t\t\t<div class=\"elementor-widget-wrap\">\n\t\t\t\t\t\t<div class=\"elementor-element elementor-element-59f041b1 elementor-widget elementor-widget-image\" data-id=\"59f041b1\" data-element_type=\"widget\" data-widget_type=\"image.default\">\n\t\t\t\t<div class=\"elementor-widget-container\">\n\t\t\t\t\t<div class=\"elementor-image\">\n\t\t\t\t\t\t\t\t\t\t<img width=\"300\" height=\"300\" src=\"https:\/\/www.bio2arh.org\/wp-content\/uploads\/2020\/11\/snail-1-300x300.jpg\" class=\"attachment-medium size-medium\" alt=\"\" decoding=\"async\" loading=\"lazy\" srcset=\"https:\/\/www.bio2arh.org\/wp-content\/uploads\/2020\/11\/snail-1-300x300.jpg 300w, https:\/\/www.bio2arh.org\/wp-content\/uploads\/2020\/11\/snail-1-150x150.jpg 150w, https:\/\/www.bio2arh.org\/wp-content\/uploads\/2020\/11\/snail-1-540x540.jpg 540w, https:\/\/www.bio2arh.org\/wp-content\/uploads\/2020\/11\/snail-1.jpg 591w\" sizes=\"(max-width: 300px) 100vw, 300px\" \/>\t\t\t\t\t\t\t\t\t\t\t<\/div>\n\t\t\t\t<\/div>\n\t\t\t\t<\/div>\n\t\t\t\t\t\t<\/div>\n\t\t\t\t\t<\/div>\n\t\t<\/div>\n\t\t\t\t<div class=\"elementor-column elementor-col-50 elementor-top-column elementor-element elementor-element-79a7f78b\" data-id=\"79a7f78b\" data-element_type=\"column\">\n\t\t\t<div class=\"elementor-column-wrap elementor-element-populated\">\n\t\t\t\t\t\t\t<div class=\"elementor-widget-wrap\">\n\t\t\t\t\t\t<div class=\"elementor-element elementor-element-298f3a0d elementor-view-default elementor-widget elementor-widget-icon\" data-id=\"298f3a0d\" data-element_type=\"widget\" data-widget_type=\"icon.default\">\n\t\t\t\t<div class=\"elementor-widget-container\">\n\t\t\t\t\t<div class=\"elementor-icon-wrapper\">\n\t\t\t<a class=\"elementor-icon\" href=\"https:\/\/www.bio2arh.org\/en\/elementor-533\/elementor-560\/\">\n\t\t\t\t\t\t\t<i class=\"fa fa-search-plus\" aria-hidden=\"true\"><\/i>\n\t\t\t\t\t\t<\/a>\n\t\t<\/div>\n\t\t\t\t<\/div>\n\t\t\t\t<\/div>\n\t\t\t\t<div class=\"elementor-element elementor-element-1dc8826 elementor-widget elementor-widget-text-editor\" data-id=\"1dc8826\" data-element_type=\"widget\" data-widget_type=\"text-editor.default\">\n\t\t\t\t<div class=\"elementor-widget-container\">\n\t\t\t\t\t<div class=\"elementor-text-editor elementor-clearfix\"><p>Mali<span style=\"font-size: 11pt; font-family: Arial; background-color: transparent; font-variant-numeric: normal; font-variant-east-asian: normal; vertical-align: baseline; white-space: pre-wrap;\"> morski meku\u0161ac &#8211; atlantski morski pu\u017e <\/span><span style=\"font-size: 11pt; font-family: Arial; background-color: transparent; font-style: italic; font-variant-numeric: normal; font-variant-east-asian: normal; vertical-align: baseline; white-space: pre-wrap;\">Elysia chlorotica<\/span><span style=\"font-size: 11pt; font-family: Arial; background-color: transparent; font-variant-numeric: normal; font-variant-east-asian: normal; vertical-align: baseline; white-space: pre-wrap;\">, predstavlja dobar primer odnosa organizama i \u017eivotne sredine. Ovaj pu\u017e se hrani filamentoznom \u017euto-zelenom algom <\/span><span style=\"font-size: 11pt; font-family: Arial; background-color: transparent; font-style: italic; font-variant-numeric: normal; font-variant-east-asian: normal; vertical-align: baseline; white-space: pre-wrap;\">Vaucheria litore<\/span><span style=\"font-size: 11pt; font-family: Arial; background-color: transparent; font-variant-numeric: normal; font-variant-east-asian: normal; vertical-align: baseline; white-space: pre-wrap;\">, pri \u010demu unosi u sebe sadr\u017eaj svake od izdu\u017eenih vi\u0161ejedarnih \u0107elija ove alge. <\/span><span style=\"background-color: transparent; font-family: Arial; font-size: 11pt; white-space: pre-wrap;\">U tom procesu on zadr\u017eava hloroplaste iz tih \u0107elija, koji se zatim ugra\u0111uju u \u0107elije njegovog digestivnog trakta. U tim \u0107elijama hloroplasti vr\u0161e fotosintezu veoma uspe\u0161no, obezbe\u0111uju\u0107i ovom morskom pu\u017eu metaboli\u010dku energiju i ugljeni\u010dne proizvode kojima on gradi svoj mukozni omota\u010d.<\/span><\/p><\/div>\n\t\t\t\t<\/div>\n\t\t\t\t<\/div>\n\t\t\t\t<div class=\"elementor-element elementor-element-2c334303 elementor-widget elementor-widget-heading\" data-id=\"2c334303\" data-element_type=\"widget\" data-widget_type=\"heading.default\">\n\t\t\t\t<div class=\"elementor-widget-container\">\n\t\t\t<h2 class=\"elementor-heading-title elementor-size-default\"><a href=\"https:\/\/www.bio2arh.org\/en\/elementor-533\/elementor-823\/\">Neobi\u010dni slu\u010daj zelenog pu\u017ea<\/a><\/h2>\t\t<\/div>\n\t\t\t\t<\/div>\n\t\t\t\t<div class=\"elementor-element elementor-element-604b1146 elementor-widget elementor-widget-heading\" data-id=\"604b1146\" data-element_type=\"widget\" data-widget_type=\"heading.default\">\n\t\t\t\t<div class=\"elementor-widget-container\">\n\t\t\t<h2 class=\"elementor-heading-title elementor-size-small\">Preuzeto iz Organism and Environment, First Ed., Sonia E. Sultan, 2015, Oxford University Press.\u00a0<\/h2>\t\t<\/div>\n\t\t\t\t<\/div>\n\t\t\t\t\t\t<\/div>\n\t\t\t\t\t<\/div>\n\t\t<\/div>\n\t\t\t\t\t\t\t\t<\/div>\n\t\t\t\t\t<\/div>\n\t\t<\/section>\n\t\t\t\t<section class=\"elementor-section elementor-top-section elementor-element elementor-element-3a99c35 elementor-section-content-middle elementor-section-stretched elementor-section-boxed elementor-section-height-default elementor-section-height-default\" data-id=\"3a99c35\" data-element_type=\"section\" data-settings=\"{&quot;stretch_section&quot;:&quot;section-stretched&quot;}\">\n\t\t\t\t\t\t<div class=\"elementor-container elementor-column-gap-no\">\n\t\t\t\t\t\t\t<div class=\"elementor-row\">\n\t\t\t\t\t<div class=\"elementor-column elementor-col-50 elementor-top-column elementor-element elementor-element-5a6f546\" data-id=\"5a6f546\" data-element_type=\"column\">\n\t\t\t<div class=\"elementor-column-wrap elementor-element-populated\">\n\t\t\t\t\t\t\t<div class=\"elementor-widget-wrap\">\n\t\t\t\t\t\t<div class=\"elementor-element elementor-element-e0f0ff0 elementor-widget elementor-widget-image\" data-id=\"e0f0ff0\" data-element_type=\"widget\" data-widget_type=\"image.default\">\n\t\t\t\t<div class=\"elementor-widget-container\">\n\t\t\t\t\t<div class=\"elementor-image\">\n\t\t\t\t\t\t\t\t\t\t<img width=\"300\" height=\"300\" src=\"https:\/\/www.bio2arh.org\/wp-content\/uploads\/2020\/04\/atmosphere-1-300x300.jpg\" class=\"attachment-medium size-medium\" alt=\"\" decoding=\"async\" loading=\"lazy\" srcset=\"https:\/\/www.bio2arh.org\/wp-content\/uploads\/2020\/04\/atmosphere-1-300x300.jpg 300w, https:\/\/www.bio2arh.org\/wp-content\/uploads\/2020\/04\/atmosphere-1-150x150.jpg 150w, https:\/\/www.bio2arh.org\/wp-content\/uploads\/2020\/04\/atmosphere-1-540x540.jpg 540w, https:\/\/www.bio2arh.org\/wp-content\/uploads\/2020\/04\/atmosphere-1.jpg 591w\" sizes=\"(max-width: 300px) 100vw, 300px\" \/>\t\t\t\t\t\t\t\t\t\t\t<\/div>\n\t\t\t\t<\/div>\n\t\t\t\t<\/div>\n\t\t\t\t\t\t<\/div>\n\t\t\t\t\t<\/div>\n\t\t<\/div>\n\t\t\t\t<div class=\"elementor-column elementor-col-50 elementor-top-column elementor-element elementor-element-ad80782\" data-id=\"ad80782\" data-element_type=\"column\">\n\t\t\t<div class=\"elementor-column-wrap elementor-element-populated\">\n\t\t\t\t\t\t\t<div class=\"elementor-widget-wrap\">\n\t\t\t\t\t\t<div class=\"elementor-element elementor-element-8383d79 elementor-view-default elementor-widget elementor-widget-icon\" data-id=\"8383d79\" data-element_type=\"widget\" data-widget_type=\"icon.default\">\n\t\t\t\t<div class=\"elementor-widget-container\">\n\t\t\t\t\t<div class=\"elementor-icon-wrapper\">\n\t\t\t<a class=\"elementor-icon\" href=\"https:\/\/www.bio2arh.org\/en\/elementor-533\/elementor-560\/\">\n\t\t\t\t\t\t\t<i class=\"fa fa-search-plus\" aria-hidden=\"true\"><\/i>\n\t\t\t\t\t\t<\/a>\n\t\t<\/div>\n\t\t\t\t<\/div>\n\t\t\t\t<\/div>\n\t\t\t\t<div class=\"elementor-element elementor-element-4abc5ec elementor-widget elementor-widget-text-editor\" data-id=\"4abc5ec\" data-element_type=\"widget\" data-widget_type=\"text-editor.default\">\n\t\t\t\t<div class=\"elementor-widget-container\">\n\t\t\t\t\t<div class=\"elementor-text-editor elementor-clearfix\"><p>Vrste \u010dije prisustvo i aktivnosti u najve\u0107oj meri modifikuju svoju fizi\u010dku i hemijsku sredinu, a samim tim uti\u010du i na druge organizme u \u017eivotnoj sredini, \u010desto se nazivaju\u00a0\u201ein\u017eenjerima ekosistema\u201c.<b> <\/b>Definisanjem uloge koju mnogi organizmi igraju u stvaranju, modifikaciji i odr\u017eavanju stani\u0161ta, ekolozi su se fokusirali na povratne sprege izme\u0111u ovih organizama i njihovog stalno prisutnog funkcionalnog konteksta.<\/p><\/div>\n\t\t\t\t<\/div>\n\t\t\t\t<\/div>\n\t\t\t\t<div class=\"elementor-element elementor-element-ccec800 elementor-widget elementor-widget-heading\" data-id=\"ccec800\" data-element_type=\"widget\" data-widget_type=\"heading.default\">\n\t\t\t\t<div class=\"elementor-widget-container\">\n\t\t\t<h2 class=\"elementor-heading-title elementor-size-default\"><a href=\"https:\/\/www.bio2arh.org\/en\/elementor-533\/elementor-560\/\">In\u017eenjeri ekosistema 1: postavljanje temelja\u200b\u200b<\/a><\/h2>\t\t<\/div>\n\t\t\t\t<\/div>\n\t\t\t\t<div class=\"elementor-element elementor-element-9b59b03 elementor-widget elementor-widget-heading\" data-id=\"9b59b03\" data-element_type=\"widget\" data-widget_type=\"heading.default\">\n\t\t\t\t<div class=\"elementor-widget-container\">\n\t\t\t<h2 class=\"elementor-heading-title elementor-size-small\">bojan kenig<\/h2>\t\t<\/div>\n\t\t\t\t<\/div>\n\t\t\t\t\t\t<\/div>\n\t\t\t\t\t<\/div>\n\t\t<\/div>\n\t\t\t\t\t\t\t\t<\/div>\n\t\t\t\t\t<\/div>\n\t\t<\/section>\n\t\t\t\t<section class=\"elementor-section elementor-top-section elementor-element elementor-element-f9c3741 elementor-section-content-middle elementor-section-stretched elementor-section-boxed elementor-section-height-default elementor-section-height-default\" data-id=\"f9c3741\" data-element_type=\"section\" data-settings=\"{&quot;stretch_section&quot;:&quot;section-stretched&quot;}\">\n\t\t\t\t\t\t<div class=\"elementor-container elementor-column-gap-no\">\n\t\t\t\t\t\t\t<div class=\"elementor-row\">\n\t\t\t\t\t<div class=\"elementor-column elementor-col-50 elementor-top-column elementor-element elementor-element-cde0c20\" data-id=\"cde0c20\" data-element_type=\"column\">\n\t\t\t<div class=\"elementor-column-wrap elementor-element-populated\">\n\t\t\t\t\t\t\t<div class=\"elementor-widget-wrap\">\n\t\t\t\t\t\t<div class=\"elementor-element elementor-element-5b3d3cd elementor-widget elementor-widget-image\" data-id=\"5b3d3cd\" data-element_type=\"widget\" data-widget_type=\"image.default\">\n\t\t\t\t<div class=\"elementor-widget-container\">\n\t\t\t\t\t<div class=\"elementor-image\">\n\t\t\t\t\t\t\t\t\t\t<img width=\"300\" height=\"300\" src=\"https:\/\/www.bio2arh.org\/wp-content\/uploads\/2020\/04\/energy-1-300x300.jpg\" class=\"attachment-medium size-medium\" alt=\"\" decoding=\"async\" loading=\"lazy\" srcset=\"https:\/\/www.bio2arh.org\/wp-content\/uploads\/2020\/04\/energy-1-300x300.jpg 300w, https:\/\/www.bio2arh.org\/wp-content\/uploads\/2020\/04\/energy-1-150x150.jpg 150w, https:\/\/www.bio2arh.org\/wp-content\/uploads\/2020\/04\/energy-1-540x540.jpg 540w, https:\/\/www.bio2arh.org\/wp-content\/uploads\/2020\/04\/energy-1.jpg 591w\" sizes=\"(max-width: 300px) 100vw, 300px\" \/>\t\t\t\t\t\t\t\t\t\t\t<\/div>\n\t\t\t\t<\/div>\n\t\t\t\t<\/div>\n\t\t\t\t\t\t<\/div>\n\t\t\t\t\t<\/div>\n\t\t<\/div>\n\t\t\t\t<div class=\"elementor-column elementor-col-50 elementor-top-column elementor-element elementor-element-7dc05dd\" data-id=\"7dc05dd\" data-element_type=\"column\">\n\t\t\t<div class=\"elementor-column-wrap elementor-element-populated\">\n\t\t\t\t\t\t\t<div class=\"elementor-widget-wrap\">\n\t\t\t\t\t\t<div class=\"elementor-element elementor-element-ba5c9b3 elementor-view-default elementor-widget elementor-widget-icon\" data-id=\"ba5c9b3\" data-element_type=\"widget\" data-widget_type=\"icon.default\">\n\t\t\t\t<div class=\"elementor-widget-container\">\n\t\t\t\t\t<div class=\"elementor-icon-wrapper\">\n\t\t\t<a class=\"elementor-icon\" href=\"https:\/\/www.bio2arh.org\/en\/elementor-533\/energija-cigla-buducnosti\/\">\n\t\t\t\t\t\t\t<i class=\"fa fa-search-plus\" aria-hidden=\"true\"><\/i>\n\t\t\t\t\t\t<\/a>\n\t\t<\/div>\n\t\t\t\t<\/div>\n\t\t\t\t<\/div>\n\t\t\t\t<div class=\"elementor-element elementor-element-9321b4a elementor-widget elementor-widget-text-editor\" data-id=\"9321b4a\" data-element_type=\"widget\" data-widget_type=\"text-editor.default\">\n\t\t\t\t<div class=\"elementor-widget-container\">\n\t\t\t\t\t<div class=\"elementor-text-editor elementor-clearfix\"><p>Biolo\u0161ke i sociolo\u0161ke promene done\u0107e revoluciju u shvatanju odnosa i razmene materije i energije izme\u0111u nas i prostora u kome \u017eivimo. Pro\u0161irivanje polja arhitekture na meteorologiju, biologiju i druge discipline podrazumeva\u0107e ne samo preuzimanje mehanizama i principa funkcionisanja ovih disciplina ve\u0107 i njihovo uvo\u0111enje u svakodnevni \u017eivot.<\/p><\/div>\n\t\t\t\t<\/div>\n\t\t\t\t<\/div>\n\t\t\t\t<div class=\"elementor-element elementor-element-d07a77f elementor-widget elementor-widget-heading\" data-id=\"d07a77f\" data-element_type=\"widget\" data-widget_type=\"heading.default\">\n\t\t\t\t<div class=\"elementor-widget-container\">\n\t\t\t<h2 class=\"elementor-heading-title elementor-size-default\"><a href=\"https:\/\/www.bio2arh.org\/en\/elementor-533\/energija-cigla-buducnosti\/\">Energija - cigla budu\u0107nosti<\/a><\/h2>\t\t<\/div>\n\t\t\t\t<\/div>\n\t\t\t\t<div class=\"elementor-element elementor-element-a10cc1c elementor-widget elementor-widget-heading\" data-id=\"a10cc1c\" data-element_type=\"widget\" data-widget_type=\"heading.default\">\n\t\t\t\t<div class=\"elementor-widget-container\">\n\t\t\t<h2 class=\"elementor-heading-title elementor-size-default\">ana todosijevi\u0107<\/h2>\t\t<\/div>\n\t\t\t\t<\/div>\n\t\t\t\t\t\t<\/div>\n\t\t\t\t\t<\/div>\n\t\t<\/div>\n\t\t\t\t\t\t\t\t<\/div>\n\t\t\t\t\t<\/div>\n\t\t<\/section>\n\t\t\t\t\t\t<\/div>\n\t\t\t\t\t\t<\/div>\n\t\t\t\t\t<\/div>\n\t\t<\/div><\/div>","protected":false},"excerpt":{"rendered":"<p>Mali morski meku\u0161ac &#8211; atlantski morski pu\u017e Elysia chlorotica, predstavlja dobar primer odnosa organizama i \u017eivotne sredine. Ovaj pu\u017e se hrani filamentoznom \u017euto-zelenom algom Vaucheria litore, pri \u010demu unosi u&nbsp;[&hellip;]<\/p>","protected":false},"author":1,"featured_media":0,"parent":0,"menu_order":0,"comment_status":"closed","ping_status":"closed","template":"elementor_header_footer","meta":[],"yoast_head":"<!-- This site is optimized with the Yoast SEO plugin v19.14 - https:\/\/yoast.com\/wordpress\/plugins\/seo\/ -->\n<title>Blog | Bio2Arh<\/title>\n<meta name=\"robots\" content=\"index, follow, max-snippet:-1, max-image-preview:large, max-video-preview:-1\" \/>\n<link rel=\"canonical\" href=\"https:\/\/www.bio2arh.org\/en\/elementor-533\/\" \/>\n<meta property=\"og:locale\" content=\"en_US\" \/>\n<meta property=\"og:type\" content=\"article\" \/>\n<meta property=\"og:title\" content=\"Blog | Bio2Arh\" \/>\n<meta property=\"og:description\" content=\"Mali morski meku\u0161ac &#8211; atlantski morski pu\u017e Elysia chlorotica, predstavlja dobar primer odnosa organizama i \u017eivotne sredine. Ovaj pu\u017e se hrani filamentoznom \u017euto-zelenom algom Vaucheria litore, pri \u010demu unosi u&nbsp;[&hellip;]\" \/>\n<meta property=\"og:url\" content=\"https:\/\/www.bio2arh.org\/en\/elementor-533\/\" \/>\n<meta property=\"og:site_name\" content=\"Bio2Arh\" \/>\n<meta property=\"article:publisher\" content=\"https:\/\/www.facebook.com\/pages\/category\/Arts---Humanities-Website\/Bio2Arh-563495847435142\/\" \/>\n<meta property=\"article:modified_time\" content=\"2020-11-29T15:24:36+00:00\" \/>\n<meta property=\"og:image\" content=\"http:\/\/www.bio2arh.org\/wp-content\/uploads\/2020\/11\/snail-1-300x300.jpg\" \/>\n<meta name=\"twitter:card\" content=\"summary_large_image\" \/>\n<meta name=\"twitter:label1\" content=\"Est. reading time\" \/>\n\t<meta name=\"twitter:data1\" content=\"1 minute\" \/>\n<script type=\"application\/ld+json\" class=\"yoast-schema-graph\">{\"@context\":\"https:\/\/schema.org\",\"@graph\":[{\"@type\":\"WebPage\",\"@id\":\"https:\/\/www.bio2arh.org\/elementor-533\/\",\"url\":\"https:\/\/www.bio2arh.org\/elementor-533\/\",\"name\":\"Blog | Bio2Arh\",\"isPartOf\":{\"@id\":\"https:\/\/www.bio2arh.org\/#website\"},\"datePublished\":\"2020-03-16T18:15:51+00:00\",\"dateModified\":\"2020-11-29T15:24:36+00:00\",\"breadcrumb\":{\"@id\":\"https:\/\/www.bio2arh.org\/elementor-533\/#breadcrumb\"},\"inLanguage\":\"en-US\",\"potentialAction\":[{\"@type\":\"ReadAction\",\"target\":[\"https:\/\/www.bio2arh.org\/elementor-533\/\"]}]},{\"@type\":\"BreadcrumbList\",\"@id\":\"https:\/\/www.bio2arh.org\/elementor-533\/#breadcrumb\",\"itemListElement\":[{\"@type\":\"ListItem\",\"position\":1,\"name\":\"Home\",\"item\":\"https:\/\/www.bio2arh.org\/\"},{\"@type\":\"ListItem\",\"position\":2,\"name\":\"Blog\"}]},{\"@type\":\"WebSite\",\"@id\":\"https:\/\/www.bio2arh.org\/#website\",\"url\":\"https:\/\/www.bio2arh.org\/\",\"name\":\"Bio2Arh\",\"description\":\"biologija - arhitektura - istra\u017eivanje\",\"publisher\":{\"@id\":\"https:\/\/www.bio2arh.org\/#organization\"},\"potentialAction\":[{\"@type\":\"SearchAction\",\"target\":{\"@type\":\"EntryPoint\",\"urlTemplate\":\"https:\/\/www.bio2arh.org\/?s={search_term_string}\"},\"query-input\":\"required name=search_term_string\"}],\"inLanguage\":\"en-US\"},{\"@type\":\"Organization\",\"@id\":\"https:\/\/www.bio2arh.org\/#organization\",\"name\":\"Bio2Arh\",\"url\":\"https:\/\/www.bio2arh.org\/\",\"logo\":{\"@type\":\"ImageObject\",\"inLanguage\":\"en-US\",\"@id\":\"https:\/\/www.bio2arh.org\/#\/schema\/logo\/image\/\",\"url\":\"https:\/\/www.bio2arh.org\/wp-content\/uploads\/2020\/04\/b2a.jpeg\",\"contentUrl\":\"https:\/\/www.bio2arh.org\/wp-content\/uploads\/2020\/04\/b2a.jpeg\",\"width\":225,\"height\":225,\"caption\":\"Bio2Arh\"},\"image\":{\"@id\":\"https:\/\/www.bio2arh.org\/#\/schema\/logo\/image\/\"},\"sameAs\":[\"https:\/\/www.instagram.com\/bio2arh\/\",\"https:\/\/www.youtube.com\/channel\/UC_irb16dOt61kDvjPtDToQA\",\"https:\/\/www.facebook.com\/pages\/category\/Arts---Humanities-Website\/Bio2Arh-563495847435142\/\"]}]}<\/script>\n<!-- \/ Yoast SEO plugin. -->","yoast_head_json":{"title":"Blog | Bio2Arh","robots":{"index":"index","follow":"follow","max-snippet":"max-snippet:-1","max-image-preview":"max-image-preview:large","max-video-preview":"max-video-preview:-1"},"canonical":"https:\/\/www.bio2arh.org\/en\/elementor-533\/","og_locale":"en_US","og_type":"article","og_title":"Blog | Bio2Arh","og_description":"Mali morski meku\u0161ac &#8211; atlantski morski pu\u017e Elysia chlorotica, predstavlja dobar primer odnosa organizama i \u017eivotne sredine. Ovaj pu\u017e se hrani filamentoznom \u017euto-zelenom algom Vaucheria litore, pri \u010demu unosi u&nbsp;[&hellip;]","og_url":"https:\/\/www.bio2arh.org\/en\/elementor-533\/","og_site_name":"Bio2Arh","article_publisher":"https:\/\/www.facebook.com\/pages\/category\/Arts---Humanities-Website\/Bio2Arh-563495847435142\/","article_modified_time":"2020-11-29T15:24:36+00:00","og_image":[{"url":"http:\/\/www.bio2arh.org\/wp-content\/uploads\/2020\/11\/snail-1-300x300.jpg"}],"twitter_card":"summary_large_image","twitter_misc":{"Est. reading time":"1 minute"},"schema":{"@context":"https:\/\/schema.org","@graph":[{"@type":"WebPage","@id":"https:\/\/www.bio2arh.org\/elementor-533\/","url":"https:\/\/www.bio2arh.org\/elementor-533\/","name":"Blog | Bio2Arh","isPartOf":{"@id":"https:\/\/www.bio2arh.org\/#website"},"datePublished":"2020-03-16T18:15:51+00:00","dateModified":"2020-11-29T15:24:36+00:00","breadcrumb":{"@id":"https:\/\/www.bio2arh.org\/elementor-533\/#breadcrumb"},"inLanguage":"en-US","potentialAction":[{"@type":"ReadAction","target":["https:\/\/www.bio2arh.org\/elementor-533\/"]}]},{"@type":"BreadcrumbList","@id":"https:\/\/www.bio2arh.org\/elementor-533\/#breadcrumb","itemListElement":[{"@type":"ListItem","position":1,"name":"Home","item":"https:\/\/www.bio2arh.org\/"},{"@type":"ListItem","position":2,"name":"Blog"}]},{"@type":"WebSite","@id":"https:\/\/www.bio2arh.org\/#website","url":"https:\/\/www.bio2arh.org\/","name":"Bio2Arh","description":"biologija - arhitektura - istra\u017eivanje","publisher":{"@id":"https:\/\/www.bio2arh.org\/#organization"},"potentialAction":[{"@type":"SearchAction","target":{"@type":"EntryPoint","urlTemplate":"https:\/\/www.bio2arh.org\/?s={search_term_string}"},"query-input":"required name=search_term_string"}],"inLanguage":"en-US"},{"@type":"Organization","@id":"https:\/\/www.bio2arh.org\/#organization","name":"Bio2Arh","url":"https:\/\/www.bio2arh.org\/","logo":{"@type":"ImageObject","inLanguage":"en-US","@id":"https:\/\/www.bio2arh.org\/#\/schema\/logo\/image\/","url":"https:\/\/www.bio2arh.org\/wp-content\/uploads\/2020\/04\/b2a.jpeg","contentUrl":"https:\/\/www.bio2arh.org\/wp-content\/uploads\/2020\/04\/b2a.jpeg","width":225,"height":225,"caption":"Bio2Arh"},"image":{"@id":"https:\/\/www.bio2arh.org\/#\/schema\/logo\/image\/"},"sameAs":["https:\/\/www.instagram.com\/bio2arh\/","https:\/\/www.youtube.com\/channel\/UC_irb16dOt61kDvjPtDToQA","https:\/\/www.facebook.com\/pages\/category\/Arts---Humanities-Website\/Bio2Arh-563495847435142\/"]}]}},"_links":{"self":[{"href":"https:\/\/www.bio2arh.org\/en\/wp-json\/wp\/v2\/pages\/533"}],"collection":[{"href":"https:\/\/www.bio2arh.org\/en\/wp-json\/wp\/v2\/pages"}],"about":[{"href":"https:\/\/www.bio2arh.org\/en\/wp-json\/wp\/v2\/types\/page"}],"author":[{"embeddable":true,"href":"https:\/\/www.bio2arh.org\/en\/wp-json\/wp\/v2\/users\/1"}],"replies":[{"embeddable":true,"href":"https:\/\/www.bio2arh.org\/en\/wp-json\/wp\/v2\/comments?post=533"}],"version-history":[{"count":13,"href":"https:\/\/www.bio2arh.org\/en\/wp-json\/wp\/v2\/pages\/533\/revisions"}],"predecessor-version":[{"id":839,"href":"https:\/\/www.bio2arh.org\/en\/wp-json\/wp\/v2\/pages\/533\/revisions\/839"}],"wp:attachment":[{"href":"https:\/\/www.bio2arh.org\/en\/wp-json\/wp\/v2\/media?parent=533"}],"curies":[{"name":"wp","href":"https:\/\/api.w.org\/{rel}","templated":true}]}}